{"id":18822,"date":"2021-10-26T17:34:10","date_gmt":"2021-10-26T10:34:10","guid":{"rendered":"https:\/\/horimiya.store\/?page_id=18822"},"modified":"2021-10-26T17:34:10","modified_gmt":"2021-10-26T10:34:10","slug":"payment-terms","status":"publish","type":"page","link":"https:\/\/horimiya.store\/de\/zahlungsbedingungen\/","title":{"rendered":"Zahlungsbedingungen"},"content":{"rendered":"<ol>\n<li><b>Bezahlen Sie mit Kredit-\/Debitkarte<\/b><\/li>\n<\/ol>\n<p><span style=\"font-weight: 400;\">Die verf\u00fcgbaren Kredit-\/Debitkartenoptionen sind unten aufgef\u00fchrt.<\/span><\/p>\n<p><img fetchpriority=\"high\" decoding=\"async\" class=\"alignnone wp-image-21028\" src=\"https:\/\/horimiya.store\/wp-content\/uploads\/2021\/10\/Pay-with-Credit-Debit-Card-1024x104.jpg\" alt=\"-\" width=\"709\" height=\"72\" title=\"-\"><\/p>\n<p><span style=\"font-weight: 400;\">Diese Transaktion ist stark gesichert und verschl\u00fcsselt durch <\/span><a href=\"https:\/\/stripe.com\/\" target=\"_blank\" rel=\"noopener\"><span style=\"font-weight: 400;\">Streifen<\/span><\/a><span style=\"font-weight: 400;\">.<\/span><\/p>\n<p><span style=\"font-weight: 400;\">Bitte beachte, dass <\/span><strong>HORIMIYA-SPEICHER <\/strong><span style=\"font-weight: 400;\">erfasst nicht Ihre Kredit-\/Debitkartennummer oder pers\u00f6nliche Informationen, wenn Sie eine Zahlung vornehmen. Wenden Sie sich bei Fragen zu Ihren Transaktionen auf unserer Website bitte an Ihre kartenausgebende Bank.<\/span><\/p>\n<p><span style=\"font-weight: 400;\">Sie verwenden Apple Pay auch, wenn Sie Apple-Ger\u00e4te verwenden.<\/span><\/p>\n<ol start=\"2\">\n<li><b>Zahlen Sie mit PayPal<\/b><\/li>\n<\/ol>\n<p><img decoding=\"async\" class=\"alignnone size-medium wp-image-21025\" src=\"https:\/\/horimiya.store\/wp-content\/uploads\/2021\/10\/pay-with-paypal-300x117.png\" alt=\"-\" width=\"300\" height=\"117\" title=\"-\"><\/p>\n<p><span style=\"font-weight: 400;\">Wenn Sie eine Bestellung bei PayPal aufgeben, werden Sie auf die PayPal-Zahlungsseite weitergeleitet, wo Sie Ihre Zahlung best\u00e4tigen k\u00f6nnen, indem Sie sich mit Ihrem PayPal-Benutzernamen und Passwort anmelden.<\/span><\/p>\n<p><span style=\"font-weight: 400;\">Sie k\u00f6nnen auch ohne PayPal-Konto zur Kasse gehen. Klicken Sie dazu auf der PayPal-Zahlungsseite auf \u201eMit Debit-\/Kreditkarte bezahlen\u201c und Sie werden auf eine sichere Seite weitergeleitet, auf der Sie Ihre Kreditkarteninformationen eingeben oder Ihre Zahlung sicher \u00fcber PayPal abschlie\u00dfen k\u00f6nnen.<\/span><\/p>\n<ol start=\"3\">\n<li><b>Wenden Sie \u201eGutscheincodes\u201c und \u201eBonuspunkte\u201c an<\/b><\/li>\n<\/ol>\n<p><span style=\"font-weight: 400;\">Sie k\u00f6nnen Gutscheincodes und Bonuspunkte an der Kasse auf Ihre Bestellung anwenden. Nachdem Sie Ihren Gutscheincode und Ihre Bonuspunkte eingegeben haben, klicken Sie auf \u201eANWENDEN\u201c und Ihre Bestellsumme wird aktualisiert, um den Rabattbetrag widerzuspiegeln. Bitte beachten Sie, dass der eingegebene Gutscheincode und die eingegebenen Bonuspunkte nicht angewendet werden, wenn Sie nicht auf \u201eANWENDEN\u201c klicken, bevor Sie zur Kasse gehen.<\/span><\/p>\n<p><em><strong>ANMERKUNGEN:<\/strong><\/em><\/p>\n<p><span style=\"font-weight: 400;\">Bitte stellen Sie sicher, dass Sie den Gutscheincode korrekt eingeben, ohne Leerzeichen davor, darin oder danach.<\/span><span style=\"font-weight: 400;\">Gutscheine k\u00f6nnen nicht kombiniert werden. Sie k\u00f6nnen nur einen Gutscheincode pro Bestellung anwenden.<\/span><\/p>\n<p><span style=\"font-weight: 400;\">Wenden Sie den Coupon vor seinem Ablaufdatum an \u2013 das Ablaufdatum wird deutlich angegeben, wenn der Coupon an Sie ausgestellt wird.<\/span><\/p>\n<p><span style=\"font-weight: 400;\">Gutscheine k\u00f6nnen einen Mindestkauf erfordern.<\/span><\/p>\n<p><span style=\"font-weight: 400;\">Einige Coupons gelten nur f\u00fcr bestimmte Produkte oder schlie\u00dfen bestimmte Produkte aus.<\/span><\/p>\n<p><span style=\"font-weight: 400;\">Ein Gutschein kann nur einmal eingel\u00f6st werden.\u00a0<\/span><\/p>","protected":false},"excerpt":{"rendered":"<p>Pay with Credit\/Debit Card The available credit\/debit card options are listed below. This transaction is strongly secured and encrypted by Stripe. Please note that HORIMIYA STORE does not collect your credit\/debit card number or personal information when you make a payment. For questions regarding your transactions on our site, please consult your card-issuing bank for [&hellip;]<\/p>","protected":false},"author":1,"featured_media":0,"parent":0,"menu_order":0,"comment_status":"closed","ping_status":"closed","template":"","meta":{"_acf_changed":false,"footnotes":""},"acf":[],"_links":{"self":[{"href":"https:\/\/horimiya.store\/de\/wp-json\/wp\/v2\/pages\/18822"}],"collection":[{"href":"https:\/\/horimiya.store\/de\/wp-json\/wp\/v2\/pages"}],"about":[{"href":"https:\/\/horimiya.store\/de\/wp-json\/wp\/v2\/types\/page"}],"author":[{"embeddable":true,"href":"https:\/\/horimiya.store\/de\/wp-json\/wp\/v2\/users\/1"}],"replies":[{"embeddable":true,"href":"https:\/\/horimiya.store\/de\/wp-json\/wp\/v2\/comments?post=18822"}],"version-history":[{"count":0,"href":"https:\/\/horimiya.store\/de\/wp-json\/wp\/v2\/pages\/18822\/revisions"}],"wp:attachment":[{"href":"https:\/\/horimiya.store\/de\/wp-json\/wp\/v2\/media?parent=18822"}],"curies":[{"name":"wp","href":"https:\/\/api.w.org\/{rel}","templated":true}]}}