{"id":18815,"date":"2021-10-26T17:28:53","date_gmt":"2021-10-26T10:28:53","guid":{"rendered":"https:\/\/horimiya.store\/?page_id=18815"},"modified":"2021-10-26T17:28:53","modified_gmt":"2021-10-26T10:28:53","slug":"about-us","status":"publish","type":"page","link":"https:\/\/horimiya.store\/fr\/a-propos-de-nous\/","title":{"rendered":"\u00c0 propos de nous"},"content":{"rendered":"<p><span style=\"color: #000000;\"><span style=\"font-weight: 400;\">Ici \u00e0 <\/span><strong>MAGASIN HORIMYA<\/strong><span style=\"font-weight: 400;\">, nous sommes obs\u00e9d\u00e9s par la cr\u00e9ation de choses qui VOUS obs\u00e8dent. Nous sommes l&#039;endroit id\u00e9al pour trouver des v\u00eatements et des produits d\u00e9riv\u00e9s en fonction de vos favoris <strong>MAGASIN HORIMYA<\/strong><\/span><\/span><\/p>\n<p><span style=\"font-weight: 400; color: #000000;\">Mais nous ne sommes pas comme tous les autres magasins. Nous nous soucions \u00e9galement du c\u0153ur de notre m\u00e9tier : les Fans. Nous pensons que la connexion avec les fans nous donne encore plus d&#039;id\u00e9es que nous pouvons utiliser pour cr\u00e9er des objets encore plus incroyables que tout le monde adorera. <\/span><\/p>\n<p><span style=\"color: #000000;\"><b>De plus, cela garantit que chaque produit de notre magasin ne peut \u00eatre trouv\u00e9 nulle part ailleurs dans cet univers\u00a0!<\/b><\/span><\/p>\n<p><span style=\"color: #000000;\"><span style=\"font-weight: 400;\"><strong>MAGASIN HORIMYA<\/strong> est une communaut\u00e9 ainsi qu&#039;un stand pour mettre fin aux v\u00eatements ennuyeux et aux d\u00e9corations pour la maison. Notre mission est de donner vie \u00e0 vos v\u00eatements et \u00e0 vos \u0153uvres d&#039;art, tout comme la fa\u00e7on dont ces \u00e9missions, films et jeux donnent vie \u00e0 votre existence quotidienne. <\/span><\/span><\/p>\n<p><span style=\"font-weight: 400; color: #000000;\">Que vous magasiniez pour vous-m\u00eame ou pour un \u00eatre cher, vous pouvez \u00eatre assur\u00e9 que nous sommes la bonne marque pour vous. Vous n&#039;obtenez pas seulement de superbes impressions, vous b\u00e9n\u00e9ficiez \u00e9galement d&#039;un excellent service client et d&#039;une fabrication de haute qualit\u00e9\u2026 \u00e0 chaque fois.<\/span><\/p>\n<p><span style=\"color: #000000;\"><em><span style=\"font-weight: 400;\">Bon shopping!<\/span><\/em><\/span><\/p>","protected":false},"excerpt":{"rendered":"<p>Chez HORIMIYA STORE, nous sommes obs\u00e9d\u00e9s par la cr\u00e9ation de choses qui VOUS obs\u00e8dent. Nous sommes l&#039;endroit id\u00e9al pour trouver des v\u00eatements et des produits en fonction de votre MAGASIN HORIMIYA pr\u00e9f\u00e9r\u00e9. Mais nous ne sommes pas comme tous les autres magasins. Nous nous soucions \u00e9galement du c\u0153ur de notre m\u00e9tier : les Fans. Nous croyons que la connexion avec [\u2026]<\/p>","protected":false},"author":1,"featured_media":0,"parent":0,"menu_order":0,"comment_status":"closed","ping_status":"closed","template":"","meta":{"_acf_changed":false,"footnotes":""},"acf":[],"_links":{"self":[{"href":"https:\/\/horimiya.store\/fr\/wp-json\/wp\/v2\/pages\/18815"}],"collection":[{"href":"https:\/\/horimiya.store\/fr\/wp-json\/wp\/v2\/pages"}],"about":[{"href":"https:\/\/horimiya.store\/fr\/wp-json\/wp\/v2\/types\/page"}],"author":[{"embeddable":true,"href":"https:\/\/horimiya.store\/fr\/wp-json\/wp\/v2\/users\/1"}],"replies":[{"embeddable":true,"href":"https:\/\/horimiya.store\/fr\/wp-json\/wp\/v2\/comments?post=18815"}],"version-history":[{"count":0,"href":"https:\/\/horimiya.store\/fr\/wp-json\/wp\/v2\/pages\/18815\/revisions"}],"wp:attachment":[{"href":"https:\/\/horimiya.store\/fr\/wp-json\/wp\/v2\/media?parent=18815"}],"curies":[{"name":"wp","href":"https:\/\/api.w.org\/{rel}","templated":true}]}}