{"id":18822,"date":"2021-10-26T17:34:10","date_gmt":"2021-10-26T10:34:10","guid":{"rendered":"https:\/\/horimiya.store\/?page_id=18822"},"modified":"2021-10-26T17:34:10","modified_gmt":"2021-10-26T10:34:10","slug":"payment-terms","status":"publish","type":"page","link":"https:\/\/horimiya.store\/fr\/modalites-de-paiement\/","title":{"rendered":"Modalit\u00e9s de paiement"},"content":{"rendered":"<ol>\n<li><b>Payer avec une carte de cr\u00e9dit\/d\u00e9bit<\/b><\/li>\n<\/ol>\n<p><span style=\"font-weight: 400;\">Les options de carte de cr\u00e9dit\/d\u00e9bit disponibles sont r\u00e9pertori\u00e9es ci-dessous.<\/span><\/p>\n<p><img fetchpriority=\"high\" decoding=\"async\" class=\"alignnone wp-image-21028\" src=\"https:\/\/horimiya.store\/wp-content\/uploads\/2021\/10\/Pay-with-Credit-Debit-Card-1024x104.jpg\" alt=\"-\" width=\"709\" height=\"72\" title=\"-\"><\/p>\n<p><span style=\"font-weight: 400;\">Cette transaction est fortement s\u00e9curis\u00e9e et crypt\u00e9e par <\/span><a href=\"https:\/\/stripe.com\/\" target=\"_blank\" rel=\"noopener\"><span style=\"font-weight: 400;\">Bande<\/span><\/a><span style=\"font-weight: 400;\">.<\/span><\/p>\n<p><span style=\"font-weight: 400;\">Veuillez noter que <\/span><strong>MAGASIN HORIMYA <\/strong><span style=\"font-weight: 400;\">ne collecte pas votre num\u00e9ro de carte de cr\u00e9dit\/d\u00e9bit ou vos informations personnelles lorsque vous effectuez un paiement. Pour toute question concernant vos transactions sur notre site, veuillez consulter la banque \u00e9mettrice de votre carte pour plus d&#039;informations.<\/span><\/p>\n<p><span style=\"font-weight: 400;\">Vous utilisez \u00e9galement Apple Pay si vous utilisez des appareils Apple.<\/span><\/p>\n<ol start=\"2\">\n<li><b>Payer avec PayPal<\/b><\/li>\n<\/ol>\n<p><img decoding=\"async\" class=\"alignnone size-medium wp-image-21025\" src=\"https:\/\/horimiya.store\/wp-content\/uploads\/2021\/10\/pay-with-paypal-300x117.png\" alt=\"-\" width=\"300\" height=\"117\" title=\"-\"><\/p>\n<p><span style=\"font-weight: 400;\">Lorsque vous passez une commande avec PayPal, vous serez redirig\u00e9 vers la page de paiement PayPal o\u00f9 vous pourrez confirmer votre paiement en vous connectant avec votre nom d&#039;utilisateur et votre mot de passe PayPal.<\/span><\/p>\n<p><span style=\"font-weight: 400;\">Vous pouvez toujours payer m\u00eame sans compte PayPal. Pour ce faire, veuillez cliquer sur &quot;Payer par carte de d\u00e9bit\/cr\u00e9dit&quot; sur la page de paiement PayPal et vous serez redirig\u00e9 vers une page s\u00e9curis\u00e9e o\u00f9 vous pourrez saisir les informations de votre carte de cr\u00e9dit ou effectuer votre paiement en toute s\u00e9curit\u00e9 via PayPal.<\/span><\/p>\n<ol start=\"3\">\n<li><b>Appliquez des &quot;codes de coupon&quot; et des &quot;points bonus&quot;<\/b><\/li>\n<\/ol>\n<p><span style=\"font-weight: 400;\">Vous pouvez appliquer des codes de r\u00e9duction et des points bonus \u00e0 votre commande lors du paiement. Une fois que vous avez entr\u00e9 votre code promo et vos points bonus, cliquez sur &quot;APPLIQUER&quot; et le total de votre commande sera mis \u00e0 jour pour refl\u00e9ter le montant de la remise. Veuillez noter que si vous ne cliquez pas sur &quot;APPLIQUER&quot; avant de passer \u00e0 la caisse, le code de coupon et les points bonus que vous avez entr\u00e9s ne seront pas appliqu\u00e9s.<\/span><\/p>\n<p><em><strong>REMARQUES:<\/strong><\/em><\/p>\n<p><span style=\"font-weight: 400;\">Assurez-vous d&#039;avoir correctement saisi le code de coupon, sans espace avant, \u00e0 l&#039;int\u00e9rieur ou apr\u00e8s celui-ci.<\/span><span style=\"font-weight: 400;\">Les coupons ne peuvent pas \u00eatre combin\u00e9s. Vous ne pouvez appliquer qu&#039;un seul code promo par commande.<\/span><\/p>\n<p><span style=\"font-weight: 400;\">Appliquez le coupon avant sa date d&#039;expiration - la date d&#039;expiration sera clairement indiqu\u00e9e lorsque le coupon vous sera remis.<\/span><\/p>\n<p><span style=\"font-weight: 400;\">Les coupons peuvent n\u00e9cessiter un achat minimum.<\/span><\/p>\n<p><span style=\"font-weight: 400;\">Certains coupons s&#039;appliquent uniquement \u00e0 des produits sp\u00e9cifiques ou excluent des produits sp\u00e9cifi\u00e9s.<\/span><\/p>\n<p><span style=\"font-weight: 400;\">Un coupon ne peut \u00eatre appliqu\u00e9 qu&#039;une seule fois.\u00a0<\/span><\/p>","protected":false},"excerpt":{"rendered":"<p>Payer avec une carte de cr\u00e9dit\/d\u00e9bit Les options de carte de cr\u00e9dit\/d\u00e9bit disponibles sont r\u00e9pertori\u00e9es ci-dessous. Cette transaction est fortement s\u00e9curis\u00e9e et crypt\u00e9e par Stripe. Veuillez noter que HORIMIYA STORE ne collecte pas votre num\u00e9ro de carte de cr\u00e9dit\/d\u00e9bit ou vos informations personnelles lorsque vous effectuez un paiement. Pour toute question concernant vos transactions sur notre site, veuillez consulter la banque \u00e9mettrice de votre carte pour [\u2026]<\/p>","protected":false},"author":1,"featured_media":0,"parent":0,"menu_order":0,"comment_status":"closed","ping_status":"closed","template":"","meta":{"_acf_changed":false,"footnotes":""},"acf":[],"_links":{"self":[{"href":"https:\/\/horimiya.store\/fr\/wp-json\/wp\/v2\/pages\/18822"}],"collection":[{"href":"https:\/\/horimiya.store\/fr\/wp-json\/wp\/v2\/pages"}],"about":[{"href":"https:\/\/horimiya.store\/fr\/wp-json\/wp\/v2\/types\/page"}],"author":[{"embeddable":true,"href":"https:\/\/horimiya.store\/fr\/wp-json\/wp\/v2\/users\/1"}],"replies":[{"embeddable":true,"href":"https:\/\/horimiya.store\/fr\/wp-json\/wp\/v2\/comments?post=18822"}],"version-history":[{"count":0,"href":"https:\/\/horimiya.store\/fr\/wp-json\/wp\/v2\/pages\/18822\/revisions"}],"wp:attachment":[{"href":"https:\/\/horimiya.store\/fr\/wp-json\/wp\/v2\/media?parent=18822"}],"curies":[{"name":"wp","href":"https:\/\/api.w.org\/{rel}","templated":true}]}}