{"id":6968,"date":"2020-11-18T04:28:47","date_gmt":"2020-11-18T04:28:47","guid":{"rendered":"http:\/\/horimiya.store\/?page_id=6968"},"modified":"2021-04-09T06:31:31","modified_gmt":"2021-04-09T06:31:31","slug":"wholesale","status":"publish","type":"page","link":"https:\/\/horimiya.store\/fr\/de-gros\/","title":{"rendered":"De gros"},"content":{"rendered":"<div data-elementor-type=\"wp-page\" data-elementor-id=\"6968\" class=\"elementor elementor-6968\" data-elementor-post-type=\"page\">\n\t\t\t\t\t\t<section class=\"elementor-section elementor-top-section elementor-element elementor-element-91936cb elementor-section-boxed elementor-section-height-default elementor-section-height-default\" data-id=\"91936cb\" data-element_type=\"section\">\n\t\t\t\t\t\t<div class=\"elementor-container elementor-column-gap-default\">\n\t\t\t\t\t<div class=\"elementor-column elementor-col-100 elementor-top-column elementor-element elementor-element-cf9304a\" data-id=\"cf9304a\" data-element_type=\"column\">\n\t\t\t<div class=\"elementor-widget-wrap elementor-element-populated\">\n\t\t\t\t\t\t<div class=\"elementor-element elementor-element-34ccead elementor-widget elementor-widget-heading\" data-id=\"34ccead\" data-element_type=\"widget\" data-widget_type=\"heading.default\">\n\t\t\t\t<div class=\"elementor-widget-container\">\n\t\t\t<h2 class=\"elementor-heading-title elementor-size-default\">Vente en gros \/ Achat en gros<\/h2>\t\t<\/div>\n\t\t\t\t<\/div>\n\t\t\t\t<div class=\"elementor-element elementor-element-811cf0f elementor-widget elementor-widget-text-editor\" data-id=\"811cf0f\" data-element_type=\"widget\" data-widget_type=\"text-editor.default\">\n\t\t\t\t<div class=\"elementor-widget-container\">\n\t\t\t\t\t\t\t<p>Vous \u00eates int\u00e9ress\u00e9 par nos produits et pr\u00eat \u00e0 devenir distributeur ? G\u00e9nial! Si votre organisation, entreprise ou groupe cherche \u00e0 nous acheter des articles en gros, nous sommes l\u00e0 pour vous aider\u00a0! Bien s\u00fbr, les particuliers peuvent \u00e9galement acheter en gros.<\/p>\t\t\t\t\t\t<\/div>\n\t\t\t\t<\/div>\n\t\t\t\t\t<\/div>\n\t\t<\/div>\n\t\t\t\t\t<\/div>\n\t\t<\/section>\n\t\t\t\t<section class=\"elementor-section elementor-top-section elementor-element elementor-element-36a6187 elementor-section-boxed elementor-section-height-default elementor-section-height-default\" data-id=\"36a6187\" data-element_type=\"section\">\n\t\t\t\t\t\t<div class=\"elementor-container elementor-column-gap-default\">\n\t\t\t\t\t<div class=\"elementor-column elementor-col-100 elementor-top-column elementor-element elementor-element-8a40b66\" data-id=\"8a40b66\" data-element_type=\"column\">\n\t\t\t<div class=\"elementor-widget-wrap elementor-element-populated\">\n\t\t\t\t\t\t<div class=\"elementor-element elementor-element-a51a2a3 elementor-widget elementor-widget-heading\" data-id=\"a51a2a3\" data-element_type=\"widget\" data-widget_type=\"heading.default\">\n\t\t\t\t<div class=\"elementor-widget-container\">\n\t\t\t<h2 class=\"elementor-heading-title elementor-size-default\"><h2 style=\"font-size: 28px; font-family: Inter; font-weight: 600; white-space: normal;\">Commande minimale requise<\/h2><\/h2>\t\t<\/div>\n\t\t\t\t<\/div>\n\t\t\t\t<div class=\"elementor-element elementor-element-0605785 elementor-widget elementor-widget-text-editor\" data-id=\"0605785\" data-element_type=\"widget\" data-widget_type=\"text-editor.default\">\n\t\t\t\t<div class=\"elementor-widget-container\">\n\t\t\t\t\t\t\t<p>Le MOQ est\u00a0<strong>au moins 50 produits<\/strong>\u00a0pour b\u00e9n\u00e9ficier de nos prix de gros. Vous pouvez choisir autant de produits que vous le souhaitez et les m\u00e9langer dans votre commande.<\/p><p>De plus, toutes les commandes group\u00e9es sont d\u00e9finitives. Aucun retour ou remboursement n&#039;est autoris\u00e9 sur les commandes group\u00e9es.<\/p>\t\t\t\t\t\t<\/div>\n\t\t\t\t<\/div>\n\t\t\t\t\t<\/div>\n\t\t<\/div>\n\t\t\t\t\t<\/div>\n\t\t<\/section>\n\t\t\t\t<section class=\"elementor-section elementor-top-section elementor-element elementor-element-b21581b elementor-section-boxed elementor-section-height-default elementor-section-height-default\" data-id=\"b21581b\" data-element_type=\"section\">\n\t\t\t\t\t\t<div class=\"elementor-container elementor-column-gap-default\">\n\t\t\t\t\t<div class=\"elementor-column elementor-col-100 elementor-top-column elementor-element elementor-element-ec15319\" data-id=\"ec15319\" data-element_type=\"column\">\n\t\t\t<div class=\"elementor-widget-wrap elementor-element-populated\">\n\t\t\t\t\t\t<div class=\"elementor-element elementor-element-d1948d1 elementor-widget elementor-widget-heading\" data-id=\"d1948d1\" data-element_type=\"widget\" data-widget_type=\"heading.default\">\n\t\t\t\t<div class=\"elementor-widget-container\">\n\t\t\t<h2 class=\"elementor-heading-title elementor-size-default\"><h2 style=\"font-size: 28px; font-family: Inter; font-weight: 600; white-space: normal;\">Pr\u00eat pour la prochaine \u00e9tape?<\/h2><\/h2>\t\t<\/div>\n\t\t\t\t<\/div>\n\t\t\t\t<div class=\"elementor-element elementor-element-0b91786 elementor-widget elementor-widget-text-editor\" data-id=\"0b91786\" data-element_type=\"widget\" data-widget_type=\"text-editor.default\">\n\t\t\t\t<div class=\"elementor-widget-container\">\n\t\t\t\t\t\t\t<p>Remplissez le formulaire ci-dessous et notre service client vous enverra un devis personnalis\u00e9 dans les plus brefs d\u00e9lais.<\/p>\t\t\t\t\t\t<\/div>\n\t\t\t\t<\/div>\n\t\t\t\t<div class=\"elementor-element elementor-element-ab80d99 elementor-button-align-start elementor-widget elementor-widget-form\" data-id=\"ab80d99\" data-element_type=\"widget\" data-settings=\"{&quot;step_next_label&quot;:&quot;Next&quot;,&quot;step_previous_label&quot;:&quot;Previous&quot;,&quot;button_width&quot;:&quot;100&quot;,&quot;step_type&quot;:&quot;number_text&quot;,&quot;step_icon_shape&quot;:&quot;circle&quot;}\" data-widget_type=\"form.default\">\n\t\t\t\t<div class=\"elementor-widget-container\">\n\t\t\t\t\t<form class=\"elementor-form\" method=\"post\" name=\"New Form\" action=\"\">\n\t\t\t<input type=\"hidden\" name=\"post_id\" value=\"6968\"\/>\n\t\t\t<input type=\"hidden\" name=\"form_id\" value=\"ab80d99\"\/>\n\t\t\t<input type=\"hidden\" name=\"referer_title\" value=\"\" \/>\n\n\t\t\t\n\t\t\t<div class=\"elementor-form-fields-wrapper elementor-labels-above\">\n\t\t\t\t\t\t\t\t<div class=\"elementor-field-type-text elementor-field-group elementor-column elementor-field-group-name elementor-col-60 elementor-field-required elementor-mark-required\">\n\t\t\t\t\t\t\t\t\t\t\t\t<label for=\"form-field-name\" class=\"elementor-field-label\">\n\t\t\t\t\t\t\t\tNom\t\t\t\t\t\t\t<\/label>\n\t\t\t\t\t\t\t\t\t\t\t\t\t\t<input size=\"1\" type=\"text\" name=\"form_fields[name]\" id=\"form-field-name\" class=\"elementor-field elementor-size-sm  elementor-field-textual\" placeholder=\"Nom\" required=\"required\" aria-required=\"true\">\n\t\t\t\t\t\t\t\t\t\t\t<\/div>\n\t\t\t\t\t\t\t\t<div class=\"elementor-field-type-email elementor-field-group elementor-column elementor-field-group-email elementor-col-60 elementor-field-required elementor-mark-required\">\n\t\t\t\t\t\t\t\t\t\t\t\t<label for=\"form-field-email\" class=\"elementor-field-label\">\n\t\t\t\t\t\t\t\tE-mail\t\t\t\t\t\t\t<\/label>\n\t\t\t\t\t\t\t\t\t\t\t\t\t\t<input size=\"1\" type=\"email\" name=\"form_fields[email]\" id=\"form-field-email\" class=\"elementor-field elementor-size-sm  elementor-field-textual\" placeholder=\"E-mail\" required=\"required\" aria-required=\"true\">\n\t\t\t\t\t\t\t\t\t\t\t<\/div>\n\t\t\t\t\t\t\t\t<div class=\"elementor-field-type-textarea elementor-field-group elementor-column elementor-field-group-field_3b07773 elementor-col-100 elementor-field-required elementor-mark-required\">\n\t\t\t\t\t\t\t\t\t\t\t\t<label for=\"form-field-field_3b07773\" class=\"elementor-field-label\">\n\t\t\t\t\t\t\t\tNom de l&#039;article et quantit\u00e9\t\t\t\t\t\t\t<\/label>\n\t\t\t\t\t\t<textarea class=\"elementor-field-textual elementor-field  elementor-size-sm\" name=\"form_fields[field_3b07773]\" id=\"form-field-field_3b07773\" rows=\"4\" required=\"required\" aria-required=\"true\"><\/textarea>\t\t\t\t<\/div>\n\t\t\t\t\t\t\t\t<div class=\"elementor-field-type-html elementor-field-group elementor-column elementor-field-group-field_16f3501 elementor-col-100\">\n\t\t\t\t\tIndiquez le nom\/titre et la quantit\u00e9 des produits que vous souhaitez acheter en gros\t\t\t\t<\/div>\n\t\t\t\t\t\t\t\t<div class=\"elementor-field-type-radio elementor-field-group elementor-column elementor-field-group-field_156b794 elementor-col-100 elementor-field-required elementor-mark-required\">\n\t\t\t\t\t\t\t\t\t\t\t\t<label for=\"form-field-field_156b794\" class=\"elementor-field-label\">\n\t\t\t\t\t\t\t\t\u00cates-vous\t\t\t\t\t\t\t<\/label>\n\t\t\t\t\t\t<div class=\"elementor-field-subgroup\"><span class=\"elementor-field-option\"><input type=\"radio\" value=\"An Individual\" id=\"form-field-field_156b794-0\" name=\"form_fields[field_156b794]\" required=\"required\" aria-required=\"true\"> <label for=\"form-field-field_156b794-0\">Un individu<\/label><\/span><span class=\"elementor-field-option\"><input type=\"radio\" value=\"A Company\" id=\"form-field-field_156b794-1\" name=\"form_fields[field_156b794]\" required=\"required\" aria-required=\"true\"> <label for=\"form-field-field_156b794-1\">Une entreprise<\/label><\/span><span class=\"elementor-field-option\"><input type=\"radio\" value=\"An Association\" id=\"form-field-field_156b794-2\" name=\"form_fields[field_156b794]\" required=\"required\" aria-required=\"true\"> <label for=\"form-field-field_156b794-2\">Une association<\/label><\/span><span class=\"elementor-field-option\"><input type=\"radio\" value=\"Other\" id=\"form-field-field_156b794-3\" name=\"form_fields[field_156b794]\" required=\"required\" aria-required=\"true\"> <label for=\"form-field-field_156b794-3\">Autre<\/label><\/span><\/div>\t\t\t\t<\/div>\n\t\t\t\t\t\t\t\t<div class=\"elementor-field-type-textarea elementor-field-group elementor-column elementor-field-group-message elementor-col-100\">\n\t\t\t\t\t\t\t\t\t\t\t\t<label for=\"form-field-message\" class=\"elementor-field-label\">\n\t\t\t\t\t\t\t\tNotes compl\u00e9mentaires\t\t\t\t\t\t\t<\/label>\n\t\t\t\t\t\t<textarea class=\"elementor-field-textual elementor-field  elementor-size-sm\" name=\"form_fields[message]\" id=\"form-field-message\" rows=\"4\"><\/textarea>\t\t\t\t<\/div>\n\t\t\t\t\t\t\t\t<div class=\"elementor-field-type-recaptcha_v3 elementor-field-group elementor-column elementor-field-group-field_544ec42 elementor-col-100 recaptcha_v3-bottomright\">\n\t\t\t\t\t<div class=\"elementor-field\" id=\"form-field-field_544ec42\"><div class=\"elementor-g-recaptcha\" data-sitekey=\"6LeQoOwZAAAAAHE6dnUK0AKhoDjVaQHSNKSlAK42\" data-type=\"v3\" data-action=\"Form\" data-badge=\"bottomright\" data-size=\"invisible\"><\/div><\/div>\t\t\t\t<\/div>\n\t\t\t\t\t\t\t\t<div class=\"elementor-field-group elementor-column elementor-field-type-submit elementor-col-100 e-form__buttons\">\n\t\t\t\t\t<button type=\"submit\" class=\"elementor-button elementor-size-md\">\n\t\t\t\t\t\t<span >\n\t\t\t\t\t\t\t\t\t\t\t\t\t\t\t<span class=\"elementor-button-icon\">\n\t\t\t\t\t\t\t\t\t\t\t\t\t\t\t\t\t\t\t\t\t\t\t\t\t\t<\/span>\n\t\t\t\t\t\t\t\t\t\t\t\t\t\t\t\t\t\t\t\t\t\t<span class=\"elementor-button-text\">Soumettre<\/span>\n\t\t\t\t\t\t\t\t\t\t\t\t\t<\/span>\n\t\t\t\t\t<\/button>\n\t\t\t\t<\/div>\n\t\t\t<\/div>\n\t\t<input type=\"hidden\" name=\"trp-form-language\" value=\"fr\"\/><\/form>\n\t\t\t\t<\/div>\n\t\t\t\t<\/div>\n\t\t\t\t\t<\/div>\n\t\t<\/div>\n\t\t\t\t\t<\/div>\n\t\t<\/section>\n\t\t\t\t<\/div>","protected":false},"excerpt":{"rendered":"<p>Wholesale \/ Bulk Purchasing So you\u2019re interested in our products and ready to become a distributor? Great! If your organization, company, or group is looking to purchase items from us in bulk, we\u2019re here to help! Of course, individuals can also buy in bulk. Minimum order requirement The MOQ is\u00a0at least 50 products\u00a0to qualify for [&hellip;]<\/p>","protected":false},"author":1,"featured_media":0,"parent":0,"menu_order":0,"comment_status":"closed","ping_status":"closed","template":"template-fullwidth-no-heading.php","meta":{"_acf_changed":false,"footnotes":""},"acf":[],"_links":{"self":[{"href":"https:\/\/horimiya.store\/fr\/wp-json\/wp\/v2\/pages\/6968"}],"collection":[{"href":"https:\/\/horimiya.store\/fr\/wp-json\/wp\/v2\/pages"}],"about":[{"href":"https:\/\/horimiya.store\/fr\/wp-json\/wp\/v2\/types\/page"}],"author":[{"embeddable":true,"href":"https:\/\/horimiya.store\/fr\/wp-json\/wp\/v2\/users\/1"}],"replies":[{"embeddable":true,"href":"https:\/\/horimiya.store\/fr\/wp-json\/wp\/v2\/comments?post=6968"}],"version-history":[{"count":0,"href":"https:\/\/horimiya.store\/fr\/wp-json\/wp\/v2\/pages\/6968\/revisions"}],"wp:attachment":[{"href":"https:\/\/horimiya.store\/fr\/wp-json\/wp\/v2\/media?parent=6968"}],"curies":[{"name":"wp","href":"https:\/\/api.w.org\/{rel}","templated":true}]}}