{"id":7473,"date":"2020-11-25T16:07:11","date_gmt":"2020-11-25T16:07:11","guid":{"rendered":"http:\/\/horimiya.store\/?page_id=7473"},"modified":"2020-11-25T16:09:37","modified_gmt":"2020-11-25T16:09:37","slug":"shop-by-character","status":"publish","type":"page","link":"https:\/\/horimiya.store\/fr\/acheter-par-caractere\/","title":{"rendered":"Magasiner par personnage"},"content":{"rendered":"<div data-elementor-type=\"wp-page\" data-elementor-id=\"7473\" class=\"elementor elementor-7473\" data-elementor-post-type=\"page\">\n\t\t\t\t\t\t<section class=\"elementor-section elementor-top-section elementor-element elementor-element-46d40e3 elementor-section-boxed elementor-section-height-default elementor-section-height-default\" data-id=\"46d40e3\" data-element_type=\"section\">\n\t\t\t\t\t\t<div class=\"elementor-container elementor-column-gap-default\">\n\t\t\t\t\t<div class=\"elementor-column elementor-col-100 elementor-top-column elementor-element elementor-element-834b50d\" data-id=\"834b50d\" data-element_type=\"column\">\n\t\t\t<div class=\"elementor-widget-wrap\">\n\t\t\t\t\t\t\t<\/div>\n\t\t<\/div>\n\t\t\t\t\t<\/div>\n\t\t<\/section>\n\t\t\t\t<section class=\"elementor-section elementor-top-section elementor-element elementor-element-c698438 elementor-section-boxed elementor-section-height-default elementor-section-height-default\" data-id=\"c698438\" data-element_type=\"section\">\n\t\t\t\t\t\t<div class=\"elementor-container elementor-column-gap-default\">\n\t\t\t\t\t<div class=\"elementor-column elementor-col-100 elementor-top-column elementor-element elementor-element-007bb48\" data-id=\"007bb48\" data-element_type=\"column\">\n\t\t\t<div class=\"elementor-widget-wrap elementor-element-populated\">\n\t\t\t\t\t\t<div class=\"elementor-element elementor-element-147339a elementor-grid-4 elementor-grid-tablet-3 elementor-grid-mobile-2 elementor-products-grid elementor-wc-products elementor-widget elementor-widget-wc-categories\" data-id=\"147339a\" data-element_type=\"widget\" data-widget_type=\"wc-categories.default\">\n\t\t\t\t<div class=\"elementor-widget-container\">\n\t\t\t<div class=\"woocommerce columns-4\"><ul class=\"products elementor-grid columns-4\">\n<li class=\"product-category product first\">\n\t<a aria-label=\"Acc\u00e9der \u00e0 la cat\u00e9gorie de produits Yuki Yoshikawa Merch\" href=\"https:\/\/horimiya.store\/fr\/collections\/yuki-yoshikawa-merch\/\" data-no-translation-aria-label=\"\"><img decoding=\"async\" src=\"https:\/\/horimiya.store\/wp-content\/uploads\/2021\/09\/Yuki-Yoshikawa-Merch-300x300.jpg\" alt=\"Yuki Yoshikawa Merch\" width=\"300\" height=\"\" srcset=\"https:\/\/horimiya.store\/wp-content\/uploads\/2021\/09\/Yuki-Yoshikawa-Merch-300x300.jpg 300w, https:\/\/horimiya.store\/wp-content\/uploads\/2021\/09\/Yuki-Yoshikawa-Merch-441x441.jpg 441w, https:\/\/horimiya.store\/wp-content\/uploads\/2021\/09\/Yuki-Yoshikawa-Merch-150x150.jpg 150w, https:\/\/horimiya.store\/wp-content\/uploads\/2021\/09\/Yuki-Yoshikawa-Merch.jpg 500w\" sizes=\"(max-width: 300px) 100vw, 300px\" title=\"-\">\t<h2 class=\"woocommerce-loop-category__title\"><span>\n\t\tYuki Yoshikawa Merch <mark class=\"count\">(26)<\/mark>\t<\/span><\/h2>\n\t<\/a><\/li>\n<li class=\"product-category product\">\n\t<a aria-label=\"Acc\u00e9der \u00e0 la cat\u00e9gorie de produits Toru Ishikawa Merch\" href=\"https:\/\/horimiya.store\/fr\/collections\/toru-ishikawa-merch\/\" data-no-translation-aria-label=\"\"><img decoding=\"async\" src=\"https:\/\/horimiya.store\/wp-content\/uploads\/2021\/09\/Toru-Ishikawa-Merch-300x300.jpg\" alt=\"Toru Ishikawa Merch\" width=\"300\" height=\"\" srcset=\"https:\/\/horimiya.store\/wp-content\/uploads\/2021\/09\/Toru-Ishikawa-Merch-300x300.jpg 300w, https:\/\/horimiya.store\/wp-content\/uploads\/2021\/09\/Toru-Ishikawa-Merch-441x441.jpg 441w, https:\/\/horimiya.store\/wp-content\/uploads\/2021\/09\/Toru-Ishikawa-Merch-150x150.jpg 150w, https:\/\/horimiya.store\/wp-content\/uploads\/2021\/09\/Toru-Ishikawa-Merch.jpg 500w\" sizes=\"(max-width: 300px) 100vw, 300px\" title=\"-\">\t<h2 class=\"woocommerce-loop-category__title\"><span>\n\t\tToru Ishikawa Merch <mark class=\"count\">(25)<\/mark>\t<\/span><\/h2>\n\t<\/a><\/li>\n<li class=\"product-category product\">\n\t<a aria-label=\"Acc\u00e9der \u00e0 la cat\u00e9gorie de produits Syu Iura Merch\" href=\"https:\/\/horimiya.store\/fr\/collections\/syu-iura-merch\/\" data-no-translation-aria-label=\"\"><img decoding=\"async\" src=\"https:\/\/horimiya.store\/wp-content\/uploads\/2021\/09\/Syu-Iura-Merch-300x300.jpg\" alt=\"Syu Iura Merch\" width=\"300\" height=\"\" srcset=\"https:\/\/horimiya.store\/wp-content\/uploads\/2021\/09\/Syu-Iura-Merch-300x300.jpg 300w, https:\/\/horimiya.store\/wp-content\/uploads\/2021\/09\/Syu-Iura-Merch-441x441.jpg 441w, https:\/\/horimiya.store\/wp-content\/uploads\/2021\/09\/Syu-Iura-Merch-150x150.jpg 150w, https:\/\/horimiya.store\/wp-content\/uploads\/2021\/09\/Syu-Iura-Merch.jpg 500w\" sizes=\"(max-width: 300px) 100vw, 300px\" title=\"-\">\t<h2 class=\"woocommerce-loop-category__title\"><span>\n\t\tSyu Iura Merch <mark class=\"count\">(22)<\/mark>\t<\/span><\/h2>\n\t<\/a><\/li>\n<li class=\"product-category product last\">\n\t<a aria-label=\"Acc\u00e9der \u00e0 la cat\u00e9gorie de produits Sakura Kono Merch\" href=\"https:\/\/horimiya.store\/fr\/collections\/sakura-kono-merch\/\" data-no-translation-aria-label=\"\"><img decoding=\"async\" src=\"https:\/\/horimiya.store\/wp-content\/uploads\/2021\/09\/Sakura-Kono-Merch-300x300.jpg\" alt=\"Sakura Kono Merchandising\" width=\"300\" height=\"\" srcset=\"https:\/\/horimiya.store\/wp-content\/uploads\/2021\/09\/Sakura-Kono-Merch-300x300.jpg 300w, https:\/\/horimiya.store\/wp-content\/uploads\/2021\/09\/Sakura-Kono-Merch-441x441.jpg 441w, https:\/\/horimiya.store\/wp-content\/uploads\/2021\/09\/Sakura-Kono-Merch-150x150.jpg 150w, https:\/\/horimiya.store\/wp-content\/uploads\/2021\/09\/Sakura-Kono-Merch.jpg 500w\" sizes=\"(max-width: 300px) 100vw, 300px\" title=\"-\">\t<h2 class=\"woocommerce-loop-category__title\"><span>\n\t\tSakura Kono Merchandising <mark class=\"count\">(22)<\/mark>\t<\/span><\/h2>\n\t<\/a><\/li>\n<li class=\"product-category product first\">\n\t<a aria-label=\"Acc\u00e9der \u00e0 la cat\u00e9gorie de produits Other Charactors\" href=\"https:\/\/horimiya.store\/fr\/collections\/autres-personnages\/\" data-no-translation-aria-label=\"\"><img decoding=\"async\" src=\"https:\/\/horimiya.store\/wp-content\/uploads\/2020\/11\/other-charactors-300x300.jpg\" alt=\"Autres personnages\" width=\"300\" height=\"\" srcset=\"https:\/\/horimiya.store\/wp-content\/uploads\/2020\/11\/other-charactors-300x300.jpg 300w, https:\/\/horimiya.store\/wp-content\/uploads\/2020\/11\/other-charactors-150x150.jpg 150w, https:\/\/horimiya.store\/wp-content\/uploads\/2020\/11\/other-charactors-600x600.jpg 600w, https:\/\/horimiya.store\/wp-content\/uploads\/2020\/11\/other-charactors.jpg 730w\" sizes=\"(max-width: 300px) 100vw, 300px\" title=\"-\">\t<h2 class=\"woocommerce-loop-category__title\"><span>\n\t\tAutres personnages <mark class=\"count\">(26)<\/mark>\t<\/span><\/h2>\n\t<\/a><\/li>\n<li class=\"product-category product\">\n\t<a aria-label=\"Acc\u00e9der \u00e0 la cat\u00e9gorie de produits Kyouko Hori Merch\" href=\"https:\/\/horimiya.store\/fr\/collections\/kyouko-hori-merch\/\" data-no-translation-aria-label=\"\"><img decoding=\"async\" src=\"https:\/\/horimiya.store\/wp-content\/uploads\/2021\/09\/Kyouko-Hori-Merch-300x300.jpg\" alt=\"Kyouko Hori Merch\" width=\"300\" height=\"\" srcset=\"https:\/\/horimiya.store\/wp-content\/uploads\/2021\/09\/Kyouko-Hori-Merch-300x300.jpg 300w, https:\/\/horimiya.store\/wp-content\/uploads\/2021\/09\/Kyouko-Hori-Merch-441x441.jpg 441w, https:\/\/horimiya.store\/wp-content\/uploads\/2021\/09\/Kyouko-Hori-Merch-150x150.jpg 150w, https:\/\/horimiya.store\/wp-content\/uploads\/2021\/09\/Kyouko-Hori-Merch.jpg 500w\" sizes=\"(max-width: 300px) 100vw, 300px\" title=\"-\">\t<h2 class=\"woocommerce-loop-category__title\"><span>\n\t\tKyouko Hori Merch <mark class=\"count\">(179)<\/mark>\t<\/span><\/h2>\n\t<\/a><\/li>\n<li class=\"product-category product\">\n\t<a aria-label=\"Acc\u00e9der \u00e0 la cat\u00e9gorie de produits Kakeru Sengoku Merch\" href=\"https:\/\/horimiya.store\/fr\/collections\/kakeru-sengoku-merch\/\" data-no-translation-aria-label=\"\"><img decoding=\"async\" src=\"https:\/\/horimiya.store\/wp-content\/uploads\/2021\/09\/Kakeru-Sengoku-Merch-300x300.jpg\" alt=\"Merch Kakeru Sengoku\" width=\"300\" height=\"\" srcset=\"https:\/\/horimiya.store\/wp-content\/uploads\/2021\/09\/Kakeru-Sengoku-Merch-300x300.jpg 300w, https:\/\/horimiya.store\/wp-content\/uploads\/2021\/09\/Kakeru-Sengoku-Merch-441x441.jpg 441w, https:\/\/horimiya.store\/wp-content\/uploads\/2021\/09\/Kakeru-Sengoku-Merch-150x150.jpg 150w, https:\/\/horimiya.store\/wp-content\/uploads\/2021\/09\/Kakeru-Sengoku-Merch.jpg 500w\" sizes=\"(max-width: 300px) 100vw, 300px\" title=\"-\">\t<h2 class=\"woocommerce-loop-category__title\"><span>\n\t\tMerch Kakeru Sengoku <mark class=\"count\">(24)<\/mark>\t<\/span><\/h2>\n\t<\/a><\/li>\n<li class=\"product-category product last\">\n\t<a aria-label=\"Acc\u00e9der \u00e0 la cat\u00e9gorie de produits Izumi Miyamura Merch\" href=\"https:\/\/horimiya.store\/fr\/collections\/izumi-miyamura-merch\/\" data-no-translation-aria-label=\"\"><img decoding=\"async\" src=\"https:\/\/horimiya.store\/wp-content\/uploads\/2021\/09\/Izumi-Miyamura-Merch-300x300.jpg\" alt=\"Izumi Miyamura Merch\" width=\"300\" height=\"\" srcset=\"https:\/\/horimiya.store\/wp-content\/uploads\/2021\/09\/Izumi-Miyamura-Merch-300x300.jpg 300w, https:\/\/horimiya.store\/wp-content\/uploads\/2021\/09\/Izumi-Miyamura-Merch-441x441.jpg 441w, https:\/\/horimiya.store\/wp-content\/uploads\/2021\/09\/Izumi-Miyamura-Merch-150x150.jpg 150w, https:\/\/horimiya.store\/wp-content\/uploads\/2021\/09\/Izumi-Miyamura-Merch.jpg 500w\" sizes=\"(max-width: 300px) 100vw, 300px\" title=\"-\">\t<h2 class=\"woocommerce-loop-category__title\"><span>\n\t\tIzumi Miyamura Merch <mark class=\"count\">(191)<\/mark>\t<\/span><\/h2>\n\t<\/a><\/li>\n<li class=\"product-category product first\">\n\t<a aria-label=\"Acc\u00e9der \u00e0 la cat\u00e9gorie de produits Akane Yanagi Merch\" href=\"https:\/\/horimiya.store\/fr\/collections\/akane-yanagi-merch\/\" data-no-translation-aria-label=\"\"><img decoding=\"async\" src=\"https:\/\/horimiya.store\/wp-content\/uploads\/2021\/09\/Akane-Yanagi-Merch-300x300.jpg\" alt=\"Akane Yanagi Merch\" width=\"300\" height=\"\" srcset=\"https:\/\/horimiya.store\/wp-content\/uploads\/2021\/09\/Akane-Yanagi-Merch-300x300.jpg 300w, https:\/\/horimiya.store\/wp-content\/uploads\/2021\/09\/Akane-Yanagi-Merch-441x441.jpg 441w, https:\/\/horimiya.store\/wp-content\/uploads\/2021\/09\/Akane-Yanagi-Merch-150x150.jpg 150w, https:\/\/horimiya.store\/wp-content\/uploads\/2021\/09\/Akane-Yanagi-Merch.jpg 500w\" sizes=\"(max-width: 300px) 100vw, 300px\" title=\"-\">\t<h2 class=\"woocommerce-loop-category__title\"><span>\n\t\tAkane Yanagi Merch <mark class=\"count\">(25)<\/mark>\t<\/span><\/h2>\n\t<\/a><\/li>\n<\/ul>\n<\/div>\t\t<\/div>\n\t\t\t\t<\/div>\n\t\t\t\t\t<\/div>\n\t\t<\/div>\n\t\t\t\t\t<\/div>\n\t\t<\/section>\n\t\t\t\t<\/div>","protected":false},"excerpt":{"rendered":"","protected":false},"author":1,"featured_media":0,"parent":0,"menu_order":0,"comment_status":"closed","ping_status":"closed","template":"","meta":{"_acf_changed":false,"footnotes":""},"acf":[],"_links":{"self":[{"href":"https:\/\/horimiya.store\/fr\/wp-json\/wp\/v2\/pages\/7473"}],"collection":[{"href":"https:\/\/horimiya.store\/fr\/wp-json\/wp\/v2\/pages"}],"about":[{"href":"https:\/\/horimiya.store\/fr\/wp-json\/wp\/v2\/types\/page"}],"author":[{"embeddable":true,"href":"https:\/\/horimiya.store\/fr\/wp-json\/wp\/v2\/users\/1"}],"replies":[{"embeddable":true,"href":"https:\/\/horimiya.store\/fr\/wp-json\/wp\/v2\/comments?post=7473"}],"version-history":[{"count":0,"href":"https:\/\/horimiya.store\/fr\/wp-json\/wp\/v2\/pages\/7473\/revisions"}],"wp:attachment":[{"href":"https:\/\/horimiya.store\/fr\/wp-json\/wp\/v2\/media?parent=7473"}],"curies":[{"name":"wp","href":"https:\/\/api.w.org\/{rel}","templated":true}]}}